{"id":383,"date":"2024-12-28T18:31:06","date_gmt":"2024-12-28T18:31:06","guid":{"rendered":"https:\/\/steigleder.com.br\/novo\/?page_id=383"},"modified":"2024-12-28T19:03:29","modified_gmt":"2024-12-28T19:03:29","slug":"decorjuta","status":"publish","type":"page","link":"https:\/\/steigleder.com.br\/index.php\/decorjuta\/","title":{"rendered":"Decorjuta"},"content":{"rendered":"\t\t<div data-elementor-type=\"wp-page\" data-elementor-id=\"383\" class=\"elementor elementor-383\" data-elementor-post-type=\"page\">\n\t\t\t\t<div class=\"elementor-element elementor-element-313c779 e-flex e-con-boxed e-con e-parent\" data-id=\"313c779\" data-element_type=\"container\">\n\t\t\t\t\t<div class=\"e-con-inner\">\n\t\t\t\t<div class=\"elementor-element elementor-element-10e1cd2 elementor-widget elementor-widget-heading\" data-id=\"10e1cd2\" data-element_type=\"widget\" data-widget_type=\"heading.default\">\n\t\t\t\t<div class=\"elementor-widget-container\">\n\t\t\t<style>\/*! elementor - v3.21.0 - 22-05-2024 *\/\n.elementor-heading-title{padding:0;margin:0;line-height:1}.elementor-widget-heading .elementor-heading-title[class*=elementor-size-]>a{color:inherit;font-size:inherit;line-height:inherit}.elementor-widget-heading .elementor-heading-title.elementor-size-small{font-size:15px}.elementor-widget-heading .elementor-heading-title.elementor-size-medium{font-size:19px}.elementor-widget-heading .elementor-heading-title.elementor-size-large{font-size:29px}.elementor-widget-heading .elementor-heading-title.elementor-size-xl{font-size:39px}.elementor-widget-heading .elementor-heading-title.elementor-size-xxl{font-size:59px}<\/style><h2 class=\"elementor-heading-title elementor-size-default\">\n<span style=\" font-weight: bold;\">\nDECORJUTA<\/span><br>\n\n<\/h2>\t\t<\/div>\n\t\t\t\t<\/div>\n\t\t\t\t<div class=\"elementor-element elementor-element-222688e elementor-widget elementor-widget-text-editor\" data-id=\"222688e\" data-element_type=\"widget\" data-widget_type=\"text-editor.default\">\n\t\t\t\t<div class=\"elementor-widget-container\">\n\t\t\t<style>\/*! elementor - v3.21.0 - 22-05-2024 *\/\n.elementor-widget-text-editor.elementor-drop-cap-view-stacked .elementor-drop-cap{background-color:#69727d;color:#fff}.elementor-widget-text-editor.elementor-drop-cap-view-framed .elementor-drop-cap{color:#69727d;border:3px solid;background-color:transparent}.elementor-widget-text-editor:not(.elementor-drop-cap-view-default) .elementor-drop-cap{margin-top:8px}.elementor-widget-text-editor:not(.elementor-drop-cap-view-default) .elementor-drop-cap-letter{width:1em;height:1em}.elementor-widget-text-editor .elementor-drop-cap{float:left;text-align:center;line-height:1;font-size:50px}.elementor-widget-text-editor .elementor-drop-cap-letter{display:inline-block}<\/style>\t\t\t\t<p>A Decorjuta \u00e9 produzida com o fio de juta, proporcionando um textura r\u00fastica, muito valorizada no segmento de <br \/>decora\u00e7\u00e3o. Com a Decorjuta \u00e9 poss\u00edvel fazer in\u00fameras propostas, desde o r\u00fastico mais r\u00fastico at\u00e9 um r\u00fastico mais <br \/>moderno e sofisticado.<\/p>\t\t\t\t\t\t<\/div>\n\t\t\t\t<\/div>\n\t\t<div class=\"elementor-element elementor-element-c8147d5 e-flex e-con-boxed e-con e-child\" data-id=\"c8147d5\" data-element_type=\"container\">\n\t\t\t\t\t<div class=\"e-con-inner\">\n\t\t<div class=\"elementor-element elementor-element-bc5a587 e-flex e-con-boxed e-con e-child\" data-id=\"bc5a587\" data-element_type=\"container\">\n\t\t\t\t\t<div class=\"e-con-inner\">\n\t\t\t\t<div class=\"elementor-element elementor-element-7bdc312 elementor-widget elementor-widget-image\" data-id=\"7bdc312\" data-element_type=\"widget\" data-widget_type=\"image.default\">\n\t\t\t\t<div class=\"elementor-widget-container\">\n\t\t\t<style>\/*! elementor - v3.21.0 - 22-05-2024 *\/\n.elementor-widget-image{text-align:center}.elementor-widget-image a{display:inline-block}.elementor-widget-image a img[src$=\".svg\"]{width:48px}.elementor-widget-image img{vertical-align:middle;display:inline-block}<\/style>\t\t\t\t\t\t\t\t\t\t<img fetchpriority=\"high\" decoding=\"async\" width=\"800\" height=\"628\" src=\"https:\/\/steigleder.com.br\/wp-content\/uploads\/2024\/12\/Juta-com-Prata____.jpg\" class=\"attachment-large size-large wp-image-401\" alt=\"\" srcset=\"https:\/\/steigleder.com.br\/wp-content\/uploads\/2024\/12\/Juta-com-Prata____.jpg 800w, https:\/\/steigleder.com.br\/wp-content\/uploads\/2024\/12\/Juta-com-Prata____-300x236.jpg 300w, https:\/\/steigleder.com.br\/wp-content\/uploads\/2024\/12\/Juta-com-Prata____-768x603.jpg 768w\" sizes=\"(max-width: 800px) 100vw, 800px\" \/>\t\t\t\t\t\t\t\t\t\t\t\t\t<\/div>\n\t\t\t\t<\/div>\n\t\t\t\t\t<\/div>\n\t\t\t\t<\/div>\n\t\t<div class=\"elementor-element elementor-element-b22bd97 e-flex e-con-boxed e-con e-child\" data-id=\"b22bd97\" data-element_type=\"container\">\n\t\t\t\t\t<div class=\"e-con-inner\">\n\t\t\t\t<div class=\"elementor-element elementor-element-dce6db7 elementor-widget elementor-widget-image\" data-id=\"dce6db7\" data-element_type=\"widget\" data-widget_type=\"image.default\">\n\t\t\t\t<div class=\"elementor-widget-container\">\n\t\t\t\t\t\t\t\t\t\t\t\t\t<img decoding=\"async\" width=\"800\" height=\"628\" src=\"https:\/\/steigleder.com.br\/wp-content\/uploads\/2024\/12\/Juta-Lisa___.jpg\" class=\"attachment-large size-large wp-image-402\" alt=\"\" srcset=\"https:\/\/steigleder.com.br\/wp-content\/uploads\/2024\/12\/Juta-Lisa___.jpg 800w, https:\/\/steigleder.com.br\/wp-content\/uploads\/2024\/12\/Juta-Lisa___-300x236.jpg 300w, https:\/\/steigleder.com.br\/wp-content\/uploads\/2024\/12\/Juta-Lisa___-768x603.jpg 768w\" sizes=\"(max-width: 800px) 100vw, 800px\" \/>\t\t\t\t\t\t\t\t\t\t\t\t\t<\/div>\n\t\t\t\t<\/div>\n\t\t\t\t\t<\/div>\n\t\t\t\t<\/div>\n\t\t<div class=\"elementor-element elementor-element-41a27c6 e-flex e-con-boxed e-con e-child\" data-id=\"41a27c6\" data-element_type=\"container\">\n\t\t\t\t\t<div class=\"e-con-inner\">\n\t\t\t\t<div class=\"elementor-element elementor-element-1b5ee19 elementor-widget elementor-widget-image\" data-id=\"1b5ee19\" data-element_type=\"widget\" data-widget_type=\"image.default\">\n\t\t\t\t<div class=\"elementor-widget-container\">\n\t\t\t\t\t\t\t\t\t\t\t\t\t<img decoding=\"async\" width=\"800\" height=\"628\" src=\"https:\/\/steigleder.com.br\/wp-content\/uploads\/2024\/12\/Juta-Mista____.jpg\" class=\"attachment-large size-large wp-image-403\" alt=\"\" srcset=\"https:\/\/steigleder.com.br\/wp-content\/uploads\/2024\/12\/Juta-Mista____.jpg 800w, https:\/\/steigleder.com.br\/wp-content\/uploads\/2024\/12\/Juta-Mista____-300x236.jpg 300w, https:\/\/steigleder.com.br\/wp-content\/uploads\/2024\/12\/Juta-Mista____-768x603.jpg 768w\" sizes=\"(max-width: 800px) 100vw, 800px\" \/>\t\t\t\t\t\t\t\t\t\t\t\t\t<\/div>\n\t\t\t\t<\/div>\n\t\t\t\t\t<\/div>\n\t\t\t\t<\/div>\n\t\t\t\t\t<\/div>\n\t\t\t\t<\/div>\n\t\t\t\t<div class=\"elementor-element elementor-element-272f398 elementor-widget elementor-widget-heading\" data-id=\"272f398\" data-element_type=\"widget\" data-widget_type=\"heading.default\">\n\t\t\t\t<div class=\"elementor-widget-container\">\n\t\t\t<h2 class=\"elementor-heading-title elementor-size-default\">Dispon\u00edvel em diferentes tramas para compor seu trabalho.  <br>\n<\/h2>\t\t<\/div>\n\t\t\t\t<\/div>\n\t\t\t\t<div class=\"elementor-element elementor-element-ee81fe0 elementor-widget elementor-widget-heading\" data-id=\"ee81fe0\" data-element_type=\"widget\" data-widget_type=\"heading.default\">\n\t\t\t\t<div class=\"elementor-widget-container\">\n\t\t\t<h2 class=\"elementor-heading-title elementor-size-default\">TRAMAS<\/h2>\t\t<\/div>\n\t\t\t\t<\/div>\n\t\t<div class=\"elementor-element elementor-element-9a3a5c9 e-flex e-con-boxed e-con e-child\" data-id=\"9a3a5c9\" data-element_type=\"container\">\n\t\t\t\t\t<div class=\"e-con-inner\">\n\t\t<div class=\"elementor-element elementor-element-2061499 e-flex e-con-boxed e-con e-child\" data-id=\"2061499\" data-element_type=\"container\">\n\t\t\t\t\t<div class=\"e-con-inner\">\n\t\t\t\t<div class=\"elementor-element elementor-element-8a4c146 elementor-widget elementor-widget-heading\" data-id=\"8a4c146\" data-element_type=\"widget\" data-widget_type=\"heading.default\">\n\t\t\t\t<div class=\"elementor-widget-container\">\n\t\t\t<h2 class=\"elementor-heading-title elementor-size-default\">DJ01 - LISA <\/h2>\t\t<\/div>\n\t\t\t\t<\/div>\n\t\t\t\t<div class=\"elementor-element elementor-element-28c8190 elementor-widget elementor-widget-image\" data-id=\"28c8190\" data-element_type=\"widget\" data-widget_type=\"image.default\">\n\t\t\t\t<div class=\"elementor-widget-container\">\n\t\t\t\t\t\t\t\t\t\t\t\t\t<img fetchpriority=\"high\" decoding=\"async\" width=\"800\" height=\"628\" src=\"https:\/\/steigleder.com.br\/wp-content\/uploads\/2024\/12\/Juta-com-Prata____.jpg\" class=\"attachment-large size-large wp-image-401\" alt=\"\" srcset=\"https:\/\/steigleder.com.br\/wp-content\/uploads\/2024\/12\/Juta-com-Prata____.jpg 800w, https:\/\/steigleder.com.br\/wp-content\/uploads\/2024\/12\/Juta-com-Prata____-300x236.jpg 300w, https:\/\/steigleder.com.br\/wp-content\/uploads\/2024\/12\/Juta-com-Prata____-768x603.jpg 768w\" sizes=\"(max-width: 800px) 100vw, 800px\" \/>\t\t\t\t\t\t\t\t\t\t\t\t\t<\/div>\n\t\t\t\t<\/div>\n\t\t\t\t<div class=\"elementor-element elementor-element-5e75d9f elementor-widget elementor-widget-text-editor\" data-id=\"5e75d9f\" data-element_type=\"widget\" data-widget_type=\"text-editor.default\">\n\t\t\t\t<div class=\"elementor-widget-container\">\n\t\t\t\t\t\t\t<p>A Decorjuta Lisa, possui uma <br \/>trama bem fechada, produzida <br \/>apenas com fio de juta.<\/p>\t\t\t\t\t\t<\/div>\n\t\t\t\t<\/div>\n\t\t\t\t\t<\/div>\n\t\t\t\t<\/div>\n\t\t<div class=\"elementor-element elementor-element-966b39c e-flex e-con-boxed e-con e-child\" data-id=\"966b39c\" data-element_type=\"container\">\n\t\t\t\t\t<div class=\"e-con-inner\">\n\t\t\t\t<div class=\"elementor-element elementor-element-dff9a02 elementor-widget elementor-widget-heading\" data-id=\"dff9a02\" data-element_type=\"widget\" data-widget_type=\"heading.default\">\n\t\t\t\t<div class=\"elementor-widget-container\">\n\t\t\t<h2 class=\"elementor-heading-title elementor-size-default\">DJ01 - MISTA <\/h2>\t\t<\/div>\n\t\t\t\t<\/div>\n\t\t\t\t<div class=\"elementor-element elementor-element-ffb46b6 elementor-widget elementor-widget-image\" data-id=\"ffb46b6\" data-element_type=\"widget\" data-widget_type=\"image.default\">\n\t\t\t\t<div class=\"elementor-widget-container\">\n\t\t\t\t\t\t\t\t\t\t\t\t\t<img decoding=\"async\" width=\"800\" height=\"628\" src=\"https:\/\/steigleder.com.br\/wp-content\/uploads\/2024\/12\/Juta-Lisa___.jpg\" class=\"attachment-large size-large wp-image-402\" alt=\"\" srcset=\"https:\/\/steigleder.com.br\/wp-content\/uploads\/2024\/12\/Juta-Lisa___.jpg 800w, https:\/\/steigleder.com.br\/wp-content\/uploads\/2024\/12\/Juta-Lisa___-300x236.jpg 300w, https:\/\/steigleder.com.br\/wp-content\/uploads\/2024\/12\/Juta-Lisa___-768x603.jpg 768w\" sizes=\"(max-width: 800px) 100vw, 800px\" \/>\t\t\t\t\t\t\t\t\t\t\t\t\t<\/div>\n\t\t\t\t<\/div>\n\t\t\t\t<div class=\"elementor-element elementor-element-4b49b2d elementor-widget elementor-widget-text-editor\" data-id=\"4b49b2d\" data-element_type=\"widget\" data-widget_type=\"text-editor.default\">\n\t\t\t\t<div class=\"elementor-widget-container\">\n\t\t\t\t\t\t\t<p>A Decorjuta Mista, mescla fio de juta com fio de algod\u00e3o reciclado, uma combina\u00e7\u00e3o perfeita de elementos naturais.<\/p>\t\t\t\t\t\t<\/div>\n\t\t\t\t<\/div>\n\t\t\t\t\t<\/div>\n\t\t\t\t<\/div>\n\t\t<div class=\"elementor-element elementor-element-406bffe e-flex e-con-boxed e-con e-child\" data-id=\"406bffe\" data-element_type=\"container\">\n\t\t\t\t\t<div class=\"e-con-inner\">\n\t\t\t\t<div class=\"elementor-element elementor-element-b0144d7 elementor-widget elementor-widget-heading\" data-id=\"b0144d7\" data-element_type=\"widget\" data-widget_type=\"heading.default\">\n\t\t\t\t<div class=\"elementor-widget-container\">\n\t\t\t<h2 class=\"elementor-heading-title elementor-size-default\">DJ01 \u2013 COM FIO OURO<\/h2>\t\t<\/div>\n\t\t\t\t<\/div>\n\t\t\t\t<div class=\"elementor-element elementor-element-0edbd9f elementor-widget elementor-widget-image\" data-id=\"0edbd9f\" data-element_type=\"widget\" data-widget_type=\"image.default\">\n\t\t\t\t<div class=\"elementor-widget-container\">\n\t\t\t\t\t\t\t\t\t\t\t\t\t<img decoding=\"async\" width=\"800\" height=\"628\" src=\"https:\/\/steigleder.com.br\/wp-content\/uploads\/2024\/12\/Juta-Mista____.jpg\" class=\"attachment-large size-large wp-image-403\" alt=\"\" srcset=\"https:\/\/steigleder.com.br\/wp-content\/uploads\/2024\/12\/Juta-Mista____.jpg 800w, https:\/\/steigleder.com.br\/wp-content\/uploads\/2024\/12\/Juta-Mista____-300x236.jpg 300w, https:\/\/steigleder.com.br\/wp-content\/uploads\/2024\/12\/Juta-Mista____-768x603.jpg 768w\" sizes=\"(max-width: 800px) 100vw, 800px\" \/>\t\t\t\t\t\t\t\t\t\t\t\t\t<\/div>\n\t\t\t\t<\/div>\n\t\t\t\t<div class=\"elementor-element elementor-element-648a5db elementor-widget elementor-widget-text-editor\" data-id=\"648a5db\" data-element_type=\"widget\" data-widget_type=\"text-editor.default\">\n\t\t\t\t<div class=\"elementor-widget-container\">\n\t\t\t\t\t\t\t<p>A Decorjuta com fio ouro, mescla fio de juta com fio de metalizado ouro, traz um toque de sofistica\u00e7\u00e3o a rusticidade da juta.<\/p>\t\t\t\t\t\t<\/div>\n\t\t\t\t<\/div>\n\t\t\t\t\t<\/div>\n\t\t\t\t<\/div>\n\t\t\t\t\t<\/div>\n\t\t\t\t<\/div>\n\t\t<div class=\"elementor-element elementor-element-1e8ccc5 e-flex e-con-boxed e-con e-child\" data-id=\"1e8ccc5\" data-element_type=\"container\">\n\t\t\t\t\t<div class=\"e-con-inner\">\n\t\t\t\t<div class=\"elementor-element elementor-element-25518f6 elementor-widget elementor-widget-heading\" data-id=\"25518f6\" data-element_type=\"widget\" data-widget_type=\"heading.default\">\n\t\t\t\t<div class=\"elementor-widget-container\">\n\t\t\t<h2 class=\"elementor-heading-title elementor-size-default\">Comercializada em pe\u00e7as de rolos de 65cm de largura por 50 metros. <br>\n<\/h2>\t\t<\/div>\n\t\t\t\t<\/div>\n\t\t\t\t\t<\/div>\n\t\t\t\t<\/div>\n\t\t\t\t\t<\/div>\n\t\t\t\t<\/div>\n\t\t<div class=\"elementor-element elementor-element-64db858 e-flex e-con-boxed e-con e-parent\" data-id=\"64db858\" data-element_type=\"container\">\n\t\t\t\t\t<div class=\"e-con-inner\">\n\t\t\t\t\t<\/div>\n\t\t\t\t<\/div>\n\t\t\t\t<\/div>\n\t\t","protected":false},"excerpt":{"rendered":"<p>DECORJUTA A Decorjuta \u00e9 produzida com o fio de juta, proporcionando um textura r\u00fastica, muito valorizada no segmento de decora\u00e7\u00e3o. Com a Decorjuta \u00e9 poss\u00edvel fazer in\u00fameras propostas, desde o r\u00fastico mais r\u00fastico at\u00e9 um r\u00fastico mais moderno e sofisticado. Dispon\u00edvel em diferentes tramas para compor seu trabalho. TRAMAS DJ01 &#8211; LISA A Decorjuta Lisa, [&hellip;]<\/p>\n","protected":false},"author":1,"featured_media":0,"parent":0,"menu_order":0,"comment_status":"closed","ping_status":"closed","template":"elementor_header_footer","meta":{"footnotes":""},"class_list":["post-383","page","type-page","status-publish","hentry"],"_links":{"self":[{"href":"https:\/\/steigleder.com.br\/index.php\/wp-json\/wp\/v2\/pages\/383","targetHints":{"allow":["GET"]}}],"collection":[{"href":"https:\/\/steigleder.com.br\/index.php\/wp-json\/wp\/v2\/pages"}],"about":[{"href":"https:\/\/steigleder.com.br\/index.php\/wp-json\/wp\/v2\/types\/page"}],"author":[{"embeddable":true,"href":"https:\/\/steigleder.com.br\/index.php\/wp-json\/wp\/v2\/users\/1"}],"replies":[{"embeddable":true,"href":"https:\/\/steigleder.com.br\/index.php\/wp-json\/wp\/v2\/comments?post=383"}],"version-history":[{"count":28,"href":"https:\/\/steigleder.com.br\/index.php\/wp-json\/wp\/v2\/pages\/383\/revisions"}],"predecessor-version":[{"id":416,"href":"https:\/\/steigleder.com.br\/index.php\/wp-json\/wp\/v2\/pages\/383\/revisions\/416"}],"wp:attachment":[{"href":"https:\/\/steigleder.com.br\/index.php\/wp-json\/wp\/v2\/media?parent=383"}],"curies":[{"name":"wp","href":"https:\/\/api.w.org\/{rel}","templated":true}]}}