{"id":451,"date":"2024-12-30T16:58:57","date_gmt":"2024-12-30T16:58:57","guid":{"rendered":"https:\/\/steigleder.com.br\/novo\/?page_id=451"},"modified":"2024-12-30T17:49:19","modified_gmt":"2024-12-30T17:49:19","slug":"decorfita","status":"publish","type":"page","link":"https:\/\/steigleder.com.br\/index.php\/decorfita\/","title":{"rendered":"Decorfita"},"content":{"rendered":"\t\t<div data-elementor-type=\"wp-page\" data-elementor-id=\"451\" class=\"elementor elementor-451\" data-elementor-post-type=\"page\">\n\t\t\t\t<div class=\"elementor-element elementor-element-313c779 e-flex e-con-boxed e-con e-parent\" data-id=\"313c779\" data-element_type=\"container\">\n\t\t\t\t\t<div class=\"e-con-inner\">\n\t\t\t\t<div class=\"elementor-element elementor-element-10e1cd2 elementor-widget elementor-widget-heading\" data-id=\"10e1cd2\" data-element_type=\"widget\" data-widget_type=\"heading.default\">\n\t\t\t\t<div class=\"elementor-widget-container\">\n\t\t\t<style>\/*! elementor - v3.21.0 - 22-05-2024 *\/\n.elementor-heading-title{padding:0;margin:0;line-height:1}.elementor-widget-heading .elementor-heading-title[class*=elementor-size-]>a{color:inherit;font-size:inherit;line-height:inherit}.elementor-widget-heading .elementor-heading-title.elementor-size-small{font-size:15px}.elementor-widget-heading .elementor-heading-title.elementor-size-medium{font-size:19px}.elementor-widget-heading .elementor-heading-title.elementor-size-large{font-size:29px}.elementor-widget-heading .elementor-heading-title.elementor-size-xl{font-size:39px}.elementor-widget-heading .elementor-heading-title.elementor-size-xxl{font-size:59px}<\/style><h2 class=\"elementor-heading-title elementor-size-default\">\n<span style=\" font-weight: bold;\">\nDECORFITA\n<\/span><br>\n<\/h2>\t\t<\/div>\n\t\t\t\t<\/div>\n\t\t\t\t<div class=\"elementor-element elementor-element-222688e elementor-widget elementor-widget-text-editor\" data-id=\"222688e\" data-element_type=\"widget\" data-widget_type=\"text-editor.default\">\n\t\t\t\t<div class=\"elementor-widget-container\">\n\t\t\t<style>\/*! elementor - v3.21.0 - 22-05-2024 *\/\n.elementor-widget-text-editor.elementor-drop-cap-view-stacked .elementor-drop-cap{background-color:#69727d;color:#fff}.elementor-widget-text-editor.elementor-drop-cap-view-framed .elementor-drop-cap{color:#69727d;border:3px solid;background-color:transparent}.elementor-widget-text-editor:not(.elementor-drop-cap-view-default) .elementor-drop-cap{margin-top:8px}.elementor-widget-text-editor:not(.elementor-drop-cap-view-default) .elementor-drop-cap-letter{width:1em;height:1em}.elementor-widget-text-editor .elementor-drop-cap{float:left;text-align:center;line-height:1;font-size:50px}.elementor-widget-text-editor .elementor-drop-cap-letter{display:inline-block}<\/style>\t\t\t\t<p>\u00c9 a fita de Decortela<\/p><p>A Decorfita \u00e9 perfeita para criar os mais diversos tipos de la\u00e7os. \u00c9 de f\u00e1cil manuseio e n\u00e3o tem lado avesso. Fabricada <br \/>com a Decortela DT01,<\/p>\t\t\t\t\t\t<\/div>\n\t\t\t\t<\/div>\n\t\t<div class=\"elementor-element elementor-element-c8147d5 e-flex e-con-boxed e-con e-child\" data-id=\"c8147d5\" data-element_type=\"container\">\n\t\t\t\t\t<div class=\"e-con-inner\">\n\t\t<div class=\"elementor-element elementor-element-bc5a587 e-flex e-con-boxed e-con e-child\" data-id=\"bc5a587\" data-element_type=\"container\">\n\t\t\t\t\t<div class=\"e-con-inner\">\n\t\t\t\t<div class=\"elementor-element elementor-element-7bdc312 elementor-widget elementor-widget-image\" data-id=\"7bdc312\" data-element_type=\"widget\" data-widget_type=\"image.default\">\n\t\t\t\t<div class=\"elementor-widget-container\">\n\t\t\t<style>\/*! elementor - v3.21.0 - 22-05-2024 *\/\n.elementor-widget-image{text-align:center}.elementor-widget-image a{display:inline-block}.elementor-widget-image a img[src$=\".svg\"]{width:48px}.elementor-widget-image img{vertical-align:middle;display:inline-block}<\/style>\t\t\t\t\t\t\t\t\t\t<img fetchpriority=\"high\" decoding=\"async\" width=\"800\" height=\"800\" src=\"https:\/\/steigleder.com.br\/wp-content\/uploads\/2024\/12\/2-1024x1024.png\" class=\"attachment-large size-large wp-image-457\" alt=\"\" srcset=\"https:\/\/steigleder.com.br\/wp-content\/uploads\/2024\/12\/2-1024x1024.png 1024w, https:\/\/steigleder.com.br\/wp-content\/uploads\/2024\/12\/2-300x300.png 300w, https:\/\/steigleder.com.br\/wp-content\/uploads\/2024\/12\/2-150x150.png 150w, https:\/\/steigleder.com.br\/wp-content\/uploads\/2024\/12\/2-768x768.png 768w, https:\/\/steigleder.com.br\/wp-content\/uploads\/2024\/12\/2.png 1080w\" sizes=\"(max-width: 800px) 100vw, 800px\" \/>\t\t\t\t\t\t\t\t\t\t\t\t\t<\/div>\n\t\t\t\t<\/div>\n\t\t\t\t\t<\/div>\n\t\t\t\t<\/div>\n\t\t<div class=\"elementor-element elementor-element-c28a203 e-flex e-con-boxed e-con e-child\" data-id=\"c28a203\" data-element_type=\"container\">\n\t\t\t\t\t<div class=\"e-con-inner\">\n\t\t\t\t<div class=\"elementor-element elementor-element-c10e72e elementor-widget elementor-widget-image\" data-id=\"c10e72e\" data-element_type=\"widget\" data-widget_type=\"image.default\">\n\t\t\t\t<div class=\"elementor-widget-container\">\n\t\t\t\t\t\t\t\t\t\t\t\t\t<img decoding=\"async\" width=\"800\" height=\"800\" src=\"https:\/\/steigleder.com.br\/wp-content\/uploads\/2024\/12\/3-1024x1024.png\" class=\"attachment-large size-large wp-image-456\" alt=\"\" srcset=\"https:\/\/steigleder.com.br\/wp-content\/uploads\/2024\/12\/3-1024x1024.png 1024w, https:\/\/steigleder.com.br\/wp-content\/uploads\/2024\/12\/3-300x300.png 300w, https:\/\/steigleder.com.br\/wp-content\/uploads\/2024\/12\/3-150x150.png 150w, https:\/\/steigleder.com.br\/wp-content\/uploads\/2024\/12\/3-768x768.png 768w, https:\/\/steigleder.com.br\/wp-content\/uploads\/2024\/12\/3.png 1080w\" sizes=\"(max-width: 800px) 100vw, 800px\" \/>\t\t\t\t\t\t\t\t\t\t\t\t\t<\/div>\n\t\t\t\t<\/div>\n\t\t\t\t\t<\/div>\n\t\t\t\t<\/div>\n\t\t<div class=\"elementor-element elementor-element-f1543b3 e-flex e-con-boxed e-con e-child\" data-id=\"f1543b3\" data-element_type=\"container\">\n\t\t\t\t\t<div class=\"e-con-inner\">\n\t\t\t\t<div class=\"elementor-element elementor-element-a10feb3 elementor-widget elementor-widget-image\" data-id=\"a10feb3\" data-element_type=\"widget\" data-widget_type=\"image.default\">\n\t\t\t\t<div class=\"elementor-widget-container\">\n\t\t\t\t\t\t\t\t\t\t\t\t\t<img decoding=\"async\" width=\"800\" height=\"800\" src=\"https:\/\/steigleder.com.br\/wp-content\/uploads\/2024\/12\/4-1024x1024.png\" class=\"attachment-large size-large wp-image-458\" alt=\"\" srcset=\"https:\/\/steigleder.com.br\/wp-content\/uploads\/2024\/12\/4-1024x1024.png 1024w, https:\/\/steigleder.com.br\/wp-content\/uploads\/2024\/12\/4-300x300.png 300w, https:\/\/steigleder.com.br\/wp-content\/uploads\/2024\/12\/4-150x150.png 150w, https:\/\/steigleder.com.br\/wp-content\/uploads\/2024\/12\/4-768x768.png 768w, https:\/\/steigleder.com.br\/wp-content\/uploads\/2024\/12\/4.png 1080w\" sizes=\"(max-width: 800px) 100vw, 800px\" \/>\t\t\t\t\t\t\t\t\t\t\t\t\t<\/div>\n\t\t\t\t<\/div>\n\t\t\t\t\t<\/div>\n\t\t\t\t<\/div>\n\t\t<div class=\"elementor-element elementor-element-daa4f5a e-flex e-con-boxed e-con e-child\" data-id=\"daa4f5a\" data-element_type=\"container\">\n\t\t\t\t\t<div class=\"e-con-inner\">\n\t\t\t\t<div class=\"elementor-element elementor-element-4f5edad elementor-widget elementor-widget-image\" data-id=\"4f5edad\" data-element_type=\"widget\" data-widget_type=\"image.default\">\n\t\t\t\t<div class=\"elementor-widget-container\">\n\t\t\t\t\t\t\t\t\t\t\t\t\t<img loading=\"lazy\" decoding=\"async\" width=\"800\" height=\"800\" src=\"https:\/\/steigleder.com.br\/wp-content\/uploads\/2024\/12\/8-1024x1024.png\" class=\"attachment-large size-large wp-image-459\" alt=\"\" srcset=\"https:\/\/steigleder.com.br\/wp-content\/uploads\/2024\/12\/8-1024x1024.png 1024w, https:\/\/steigleder.com.br\/wp-content\/uploads\/2024\/12\/8-300x300.png 300w, https:\/\/steigleder.com.br\/wp-content\/uploads\/2024\/12\/8-150x150.png 150w, https:\/\/steigleder.com.br\/wp-content\/uploads\/2024\/12\/8-768x768.png 768w, https:\/\/steigleder.com.br\/wp-content\/uploads\/2024\/12\/8.png 1080w\" sizes=\"(max-width: 800px) 100vw, 800px\" \/>\t\t\t\t\t\t\t\t\t\t\t\t\t<\/div>\n\t\t\t\t<\/div>\n\t\t\t\t\t<\/div>\n\t\t\t\t<\/div>\n\t\t\t\t\t<\/div>\n\t\t\t\t<\/div>\n\t\t<div class=\"elementor-element elementor-element-1e8ccc5 e-flex e-con-boxed e-con e-child\" data-id=\"1e8ccc5\" data-element_type=\"container\">\n\t\t\t\t\t<div class=\"e-con-inner\">\n\t\t\t\t<div class=\"elementor-element elementor-element-25518f6 elementor-widget elementor-widget-heading\" data-id=\"25518f6\" data-element_type=\"widget\" data-widget_type=\"heading.default\">\n\t\t\t\t<div class=\"elementor-widget-container\">\n\t\t\t<h2 class=\"elementor-heading-title elementor-size-default\">Dispon\u00edvel em diferentes acabamento e uma grande varia\u00e7\u00e3o de cores.  <br>\n<\/h2>\t\t<\/div>\n\t\t\t\t<\/div>\n\t\t\t\t\t<\/div>\n\t\t\t\t<\/div>\n\t\t\t\t\t<\/div>\n\t\t\t\t<\/div>\n\t\t<div class=\"elementor-element elementor-element-f2cbecf e-flex e-con-boxed e-con e-child\" data-id=\"f2cbecf\" data-element_type=\"container\">\n\t\t\t\t\t<div class=\"e-con-inner\">\n\t\t\t\t<div class=\"elementor-element elementor-element-2bee3e4 elementor-widget elementor-widget-heading\" data-id=\"2bee3e4\" data-element_type=\"widget\" data-widget_type=\"heading.default\">\n\t\t\t\t<div class=\"elementor-widget-container\">\n\t\t\t<h2 class=\"elementor-heading-title elementor-size-default\">\n<span style=\" font-weight: bold;\">\nACABAMENTOS\n<\/span>\n<\/h2>\t\t<\/div>\n\t\t\t\t<\/div>\n\t\t\t\t<div class=\"elementor-element elementor-element-c22f843 elementor-widget elementor-widget-text-editor\" data-id=\"c22f843\" data-element_type=\"widget\" data-widget_type=\"text-editor.default\">\n\t\t\t\t<div class=\"elementor-widget-container\">\n\t\t\t\t\t\t\t<p>Linha color<\/p>\t\t\t\t\t\t<\/div>\n\t\t\t\t<\/div>\n\t\t\t\t<div class=\"elementor-element elementor-element-6d2d08f elementor-widget elementor-widget-text-editor\" data-id=\"6d2d08f\" data-element_type=\"widget\" data-widget_type=\"text-editor.default\">\n\t\t\t\t<div class=\"elementor-widget-container\">\n\t\t\t\t\t\t\t<p>A linha color possui mais de 35 cores, entre tons claros e escuros.<\/p>\t\t\t\t\t\t<\/div>\n\t\t\t\t<\/div>\n\t\t<div class=\"elementor-element elementor-element-b47bc0c e-flex e-con-boxed e-con e-child\" data-id=\"b47bc0c\" data-element_type=\"container\">\n\t\t\t\t\t<div class=\"e-con-inner\">\n\t\t<div class=\"elementor-element elementor-element-0450457 e-flex e-con-boxed e-con e-child\" data-id=\"0450457\" data-element_type=\"container\">\n\t\t\t\t\t<div class=\"e-con-inner\">\n\t\t\t\t<div class=\"elementor-element elementor-element-518c262 elementor-widget elementor-widget-image\" data-id=\"518c262\" data-element_type=\"widget\" data-widget_type=\"image.default\">\n\t\t\t\t<div class=\"elementor-widget-container\">\n\t\t\t\t\t\t\t\t\t\t\t\t\t<img loading=\"lazy\" decoding=\"async\" width=\"800\" height=\"800\" src=\"https:\/\/steigleder.com.br\/wp-content\/uploads\/2024\/12\/1-1024x1024.png\" class=\"attachment-large size-large wp-image-460\" alt=\"\" srcset=\"https:\/\/steigleder.com.br\/wp-content\/uploads\/2024\/12\/1-1024x1024.png 1024w, https:\/\/steigleder.com.br\/wp-content\/uploads\/2024\/12\/1-300x300.png 300w, https:\/\/steigleder.com.br\/wp-content\/uploads\/2024\/12\/1-150x150.png 150w, https:\/\/steigleder.com.br\/wp-content\/uploads\/2024\/12\/1-768x768.png 768w, https:\/\/steigleder.com.br\/wp-content\/uploads\/2024\/12\/1.png 1080w\" sizes=\"(max-width: 800px) 100vw, 800px\" \/>\t\t\t\t\t\t\t\t\t\t\t\t\t<\/div>\n\t\t\t\t<\/div>\n\t\t\t\t\t<\/div>\n\t\t\t\t<\/div>\n\t\t<div class=\"elementor-element elementor-element-42da315 e-flex e-con-boxed e-con e-child\" data-id=\"42da315\" data-element_type=\"container\">\n\t\t\t\t\t<div class=\"e-con-inner\">\n\t\t\t\t<div class=\"elementor-element elementor-element-746e02a elementor-widget elementor-widget-image\" data-id=\"746e02a\" data-element_type=\"widget\" data-widget_type=\"image.default\">\n\t\t\t\t<div class=\"elementor-widget-container\">\n\t\t\t\t\t\t\t\t\t\t\t\t\t<img loading=\"lazy\" decoding=\"async\" width=\"800\" height=\"800\" src=\"https:\/\/steigleder.com.br\/wp-content\/uploads\/2024\/12\/2-1-1024x1024.png\" class=\"attachment-large size-large wp-image-461\" alt=\"\" srcset=\"https:\/\/steigleder.com.br\/wp-content\/uploads\/2024\/12\/2-1-1024x1024.png 1024w, https:\/\/steigleder.com.br\/wp-content\/uploads\/2024\/12\/2-1-300x300.png 300w, https:\/\/steigleder.com.br\/wp-content\/uploads\/2024\/12\/2-1-150x150.png 150w, https:\/\/steigleder.com.br\/wp-content\/uploads\/2024\/12\/2-1-768x768.png 768w, https:\/\/steigleder.com.br\/wp-content\/uploads\/2024\/12\/2-1.png 1080w\" sizes=\"(max-width: 800px) 100vw, 800px\" \/>\t\t\t\t\t\t\t\t\t\t\t\t\t<\/div>\n\t\t\t\t<\/div>\n\t\t\t\t\t<\/div>\n\t\t\t\t<\/div>\n\t\t<div class=\"elementor-element elementor-element-c9ed285 e-flex e-con-boxed e-con e-child\" data-id=\"c9ed285\" data-element_type=\"container\">\n\t\t\t\t\t<div class=\"e-con-inner\">\n\t\t\t\t<div class=\"elementor-element elementor-element-00e9896 elementor-widget elementor-widget-image\" data-id=\"00e9896\" data-element_type=\"widget\" data-widget_type=\"image.default\">\n\t\t\t\t<div class=\"elementor-widget-container\">\n\t\t\t\t\t\t\t\t\t\t\t\t\t<img loading=\"lazy\" decoding=\"async\" width=\"800\" height=\"800\" src=\"https:\/\/steigleder.com.br\/wp-content\/uploads\/2024\/12\/20220330_101620___-1024x1024.jpg\" class=\"attachment-large size-large wp-image-463\" alt=\"\" srcset=\"https:\/\/steigleder.com.br\/wp-content\/uploads\/2024\/12\/20220330_101620___-1024x1024.jpg 1024w, https:\/\/steigleder.com.br\/wp-content\/uploads\/2024\/12\/20220330_101620___-300x300.jpg 300w, https:\/\/steigleder.com.br\/wp-content\/uploads\/2024\/12\/20220330_101620___-150x150.jpg 150w, https:\/\/steigleder.com.br\/wp-content\/uploads\/2024\/12\/20220330_101620___-768x768.jpg 768w, https:\/\/steigleder.com.br\/wp-content\/uploads\/2024\/12\/20220330_101620___.jpg 1080w\" sizes=\"(max-width: 800px) 100vw, 800px\" \/>\t\t\t\t\t\t\t\t\t\t\t\t\t<\/div>\n\t\t\t\t<\/div>\n\t\t\t\t\t<\/div>\n\t\t\t\t<\/div>\n\t\t\t\t\t<\/div>\n\t\t\t\t<\/div>\n\t\t\t\t<div class=\"elementor-element elementor-element-7421404 elementor-widget elementor-widget-text-editor\" data-id=\"7421404\" data-element_type=\"widget\" data-widget_type=\"text-editor.default\">\n\t\t\t\t<div class=\"elementor-widget-container\">\n\t\t\t\t\t\t\t<p>Consulte o catalogo de cores<\/p>\t\t\t\t\t\t<\/div>\n\t\t\t\t<\/div>\n\t\t\t\t\t<\/div>\n\t\t\t\t<\/div>\n\t\t<div class=\"elementor-element elementor-element-0658e04 e-flex e-con-boxed e-con e-parent\" data-id=\"0658e04\" data-element_type=\"container\">\n\t\t\t\t\t<div class=\"e-con-inner\">\n\t\t\t\t<div class=\"elementor-element elementor-element-be1959f elementor-widget elementor-widget-text-editor\" data-id=\"be1959f\" data-element_type=\"widget\" data-widget_type=\"text-editor.default\">\n\t\t\t\t<div class=\"elementor-widget-container\">\n\t\t\t\t\t\t\t<p>Linha Perolado<\/p>\t\t\t\t\t\t<\/div>\n\t\t\t\t<\/div>\n\t\t\t\t<div class=\"elementor-element elementor-element-becc475 elementor-widget elementor-widget-text-editor\" data-id=\"becc475\" data-element_type=\"widget\" data-widget_type=\"text-editor.default\">\n\t\t\t\t<div class=\"elementor-widget-container\">\n\t\t\t\t\t\t\t<p>Elas t\u00eam um brilho \u00fanico e est\u00e3o dispon\u00edveis nas cores dourada, prateada, bronze e rose gold.<\/p>\t\t\t\t\t\t<\/div>\n\t\t\t\t<\/div>\n\t\t<div class=\"elementor-element elementor-element-808db4a e-flex e-con-boxed e-con e-child\" data-id=\"808db4a\" data-element_type=\"container\">\n\t\t\t\t\t<div class=\"e-con-inner\">\n\t\t<div class=\"elementor-element elementor-element-6573a32 e-flex e-con-boxed e-con e-child\" data-id=\"6573a32\" data-element_type=\"container\">\n\t\t\t\t\t<div class=\"e-con-inner\">\n\t\t\t\t<div class=\"elementor-element elementor-element-cef285e elementor-widget elementor-widget-image\" data-id=\"cef285e\" data-element_type=\"widget\" data-widget_type=\"image.default\">\n\t\t\t\t<div class=\"elementor-widget-container\">\n\t\t\t\t\t\t\t\t\t\t\t\t\t<img loading=\"lazy\" decoding=\"async\" width=\"800\" height=\"800\" src=\"https:\/\/steigleder.com.br\/wp-content\/uploads\/2024\/12\/1-1-1024x1024.png\" class=\"attachment-large size-large wp-image-467\" alt=\"\" srcset=\"https:\/\/steigleder.com.br\/wp-content\/uploads\/2024\/12\/1-1-1024x1024.png 1024w, https:\/\/steigleder.com.br\/wp-content\/uploads\/2024\/12\/1-1-300x300.png 300w, https:\/\/steigleder.com.br\/wp-content\/uploads\/2024\/12\/1-1-150x150.png 150w, https:\/\/steigleder.com.br\/wp-content\/uploads\/2024\/12\/1-1-768x768.png 768w, https:\/\/steigleder.com.br\/wp-content\/uploads\/2024\/12\/1-1.png 1080w\" sizes=\"(max-width: 800px) 100vw, 800px\" \/>\t\t\t\t\t\t\t\t\t\t\t\t\t<\/div>\n\t\t\t\t<\/div>\n\t\t\t\t\t<\/div>\n\t\t\t\t<\/div>\n\t\t<div class=\"elementor-element elementor-element-56345df e-flex e-con-boxed e-con e-child\" data-id=\"56345df\" data-element_type=\"container\">\n\t\t\t\t\t<div class=\"e-con-inner\">\n\t\t\t\t<div class=\"elementor-element elementor-element-97e4059 elementor-widget elementor-widget-image\" data-id=\"97e4059\" data-element_type=\"widget\" data-widget_type=\"image.default\">\n\t\t\t\t<div class=\"elementor-widget-container\">\n\t\t\t\t\t\t\t\t\t\t\t\t\t<img loading=\"lazy\" decoding=\"async\" width=\"800\" height=\"800\" src=\"https:\/\/steigleder.com.br\/wp-content\/uploads\/2024\/12\/2-2-1024x1024.png\" class=\"attachment-large size-large wp-image-468\" alt=\"\" srcset=\"https:\/\/steigleder.com.br\/wp-content\/uploads\/2024\/12\/2-2-1024x1024.png 1024w, https:\/\/steigleder.com.br\/wp-content\/uploads\/2024\/12\/2-2-300x300.png 300w, https:\/\/steigleder.com.br\/wp-content\/uploads\/2024\/12\/2-2-150x150.png 150w, https:\/\/steigleder.com.br\/wp-content\/uploads\/2024\/12\/2-2-768x768.png 768w, https:\/\/steigleder.com.br\/wp-content\/uploads\/2024\/12\/2-2.png 1080w\" sizes=\"(max-width: 800px) 100vw, 800px\" \/>\t\t\t\t\t\t\t\t\t\t\t\t\t<\/div>\n\t\t\t\t<\/div>\n\t\t\t\t\t<\/div>\n\t\t\t\t<\/div>\n\t\t<div class=\"elementor-element elementor-element-f1a5f74 e-flex e-con-boxed e-con e-child\" data-id=\"f1a5f74\" data-element_type=\"container\">\n\t\t\t\t\t<div class=\"e-con-inner\">\n\t\t\t\t<div class=\"elementor-element elementor-element-232f00b elementor-widget elementor-widget-image\" data-id=\"232f00b\" data-element_type=\"widget\" data-widget_type=\"image.default\">\n\t\t\t\t<div class=\"elementor-widget-container\">\n\t\t\t\t\t\t\t\t\t\t\t\t\t<img loading=\"lazy\" decoding=\"async\" width=\"800\" height=\"800\" src=\"https:\/\/steigleder.com.br\/wp-content\/uploads\/2024\/12\/3-1-1024x1024.png\" class=\"attachment-large size-large wp-image-469\" alt=\"\" srcset=\"https:\/\/steigleder.com.br\/wp-content\/uploads\/2024\/12\/3-1-1024x1024.png 1024w, https:\/\/steigleder.com.br\/wp-content\/uploads\/2024\/12\/3-1-300x300.png 300w, https:\/\/steigleder.com.br\/wp-content\/uploads\/2024\/12\/3-1-150x150.png 150w, https:\/\/steigleder.com.br\/wp-content\/uploads\/2024\/12\/3-1-768x768.png 768w, https:\/\/steigleder.com.br\/wp-content\/uploads\/2024\/12\/3-1.png 1080w\" sizes=\"(max-width: 800px) 100vw, 800px\" \/>\t\t\t\t\t\t\t\t\t\t\t\t\t<\/div>\n\t\t\t\t<\/div>\n\t\t\t\t\t<\/div>\n\t\t\t\t<\/div>\n\t\t\t\t\t<\/div>\n\t\t\t\t<\/div>\n\t\t<div class=\"elementor-element elementor-element-79356ab e-flex e-con-boxed e-con e-child\" data-id=\"79356ab\" data-element_type=\"container\">\n\t\t\t\t\t<div class=\"e-con-inner\">\n\t\t<div class=\"elementor-element elementor-element-16ed2ec e-flex e-con-boxed e-con e-child\" data-id=\"16ed2ec\" data-element_type=\"container\">\n\t\t\t\t\t<div class=\"e-con-inner\">\n\t\t\t\t<div class=\"elementor-element elementor-element-c5a6855 elementor-widget elementor-widget-image\" data-id=\"c5a6855\" data-element_type=\"widget\" data-widget_type=\"image.default\">\n\t\t\t\t<div class=\"elementor-widget-container\">\n\t\t\t\t\t\t\t\t\t\t\t\t\t<img loading=\"lazy\" decoding=\"async\" width=\"800\" height=\"800\" src=\"https:\/\/steigleder.com.br\/wp-content\/uploads\/2024\/12\/4-1-1024x1024.png\" class=\"attachment-large size-large wp-image-471\" alt=\"\" srcset=\"https:\/\/steigleder.com.br\/wp-content\/uploads\/2024\/12\/4-1-1024x1024.png 1024w, https:\/\/steigleder.com.br\/wp-content\/uploads\/2024\/12\/4-1-300x300.png 300w, https:\/\/steigleder.com.br\/wp-content\/uploads\/2024\/12\/4-1-150x150.png 150w, https:\/\/steigleder.com.br\/wp-content\/uploads\/2024\/12\/4-1-768x768.png 768w, https:\/\/steigleder.com.br\/wp-content\/uploads\/2024\/12\/4-1.png 1080w\" sizes=\"(max-width: 800px) 100vw, 800px\" \/>\t\t\t\t\t\t\t\t\t\t\t\t\t<\/div>\n\t\t\t\t<\/div>\n\t\t\t\t\t<\/div>\n\t\t\t\t<\/div>\n\t\t<div class=\"elementor-element elementor-element-7af8175 e-flex e-con-boxed e-con e-child\" data-id=\"7af8175\" data-element_type=\"container\">\n\t\t\t\t\t<div class=\"e-con-inner\">\n\t\t\t\t<div class=\"elementor-element elementor-element-11b4415 elementor-widget elementor-widget-image\" data-id=\"11b4415\" data-element_type=\"widget\" data-widget_type=\"image.default\">\n\t\t\t\t<div class=\"elementor-widget-container\">\n\t\t\t\t\t\t\t\t\t\t\t\t\t<img loading=\"lazy\" decoding=\"async\" width=\"800\" height=\"800\" src=\"https:\/\/steigleder.com.br\/wp-content\/uploads\/2024\/12\/8-1-1024x1024.png\" class=\"attachment-large size-large wp-image-472\" alt=\"\" srcset=\"https:\/\/steigleder.com.br\/wp-content\/uploads\/2024\/12\/8-1-1024x1024.png 1024w, https:\/\/steigleder.com.br\/wp-content\/uploads\/2024\/12\/8-1-300x300.png 300w, https:\/\/steigleder.com.br\/wp-content\/uploads\/2024\/12\/8-1-150x150.png 150w, https:\/\/steigleder.com.br\/wp-content\/uploads\/2024\/12\/8-1-768x768.png 768w, https:\/\/steigleder.com.br\/wp-content\/uploads\/2024\/12\/8-1.png 1080w\" sizes=\"(max-width: 800px) 100vw, 800px\" \/>\t\t\t\t\t\t\t\t\t\t\t\t\t<\/div>\n\t\t\t\t<\/div>\n\t\t\t\t\t<\/div>\n\t\t\t\t<\/div>\n\t\t<div class=\"elementor-element elementor-element-ef99990 e-flex e-con-boxed e-con e-child\" data-id=\"ef99990\" data-element_type=\"container\">\n\t\t\t\t\t<div class=\"e-con-inner\">\n\t\t\t\t<div class=\"elementor-element elementor-element-dc1d7c4 elementor-widget elementor-widget-image\" data-id=\"dc1d7c4\" data-element_type=\"widget\" data-widget_type=\"image.default\">\n\t\t\t\t<div class=\"elementor-widget-container\">\n\t\t\t\t\t\t\t\t\t\t\t\t\t<img loading=\"lazy\" decoding=\"async\" width=\"800\" height=\"800\" src=\"https:\/\/steigleder.com.br\/wp-content\/uploads\/2024\/12\/20220330_101101___-1024x1024.jpg\" class=\"attachment-large size-large wp-image-473\" alt=\"\" srcset=\"https:\/\/steigleder.com.br\/wp-content\/uploads\/2024\/12\/20220330_101101___-1024x1024.jpg 1024w, https:\/\/steigleder.com.br\/wp-content\/uploads\/2024\/12\/20220330_101101___-300x300.jpg 300w, https:\/\/steigleder.com.br\/wp-content\/uploads\/2024\/12\/20220330_101101___-150x150.jpg 150w, https:\/\/steigleder.com.br\/wp-content\/uploads\/2024\/12\/20220330_101101___-768x768.jpg 768w, https:\/\/steigleder.com.br\/wp-content\/uploads\/2024\/12\/20220330_101101___.jpg 1080w\" sizes=\"(max-width: 800px) 100vw, 800px\" \/>\t\t\t\t\t\t\t\t\t\t\t\t\t<\/div>\n\t\t\t\t<\/div>\n\t\t\t\t\t<\/div>\n\t\t\t\t<\/div>\n\t\t\t\t\t<\/div>\n\t\t\t\t<\/div>\n\t\t\t\t<div class=\"elementor-element elementor-element-ca79e27 elementor-widget elementor-widget-text-editor\" data-id=\"ca79e27\" data-element_type=\"widget\" data-widget_type=\"text-editor.default\">\n\t\t\t\t<div class=\"elementor-widget-container\">\n\t\t\t\t\t\t\t<p>Dispon\u00edvel em rolos de 10 metros x 4cm de largura e 6cm, em mais de 30 cores e diversos acabamentos, entre\u00a0metalizados e perolados.<\/p>\t\t\t\t\t\t<\/div>\n\t\t\t\t<\/div>\n\t\t\t\t\t<\/div>\n\t\t\t\t<\/div>\n\t\t<div class=\"elementor-element elementor-element-9db04f9 e-flex e-con-boxed e-con e-parent\" data-id=\"9db04f9\" data-element_type=\"container\">\n\t\t\t\t\t<div class=\"e-con-inner\">\n\t\t\t\t\t<\/div>\n\t\t\t\t<\/div>\n\t\t\t\t<\/div>\n\t\t","protected":false},"excerpt":{"rendered":"<p>DECORFITA \u00c9 a fita de Decortela A Decorfita \u00e9 perfeita para criar os mais diversos tipos de la\u00e7os. \u00c9 de f\u00e1cil manuseio e n\u00e3o tem lado avesso. Fabricada com a Decortela DT01, Dispon\u00edvel em diferentes acabamento e uma grande varia\u00e7\u00e3o de cores. ACABAMENTOS Linha color A linha color possui mais de 35 cores, entre tons [&hellip;]<\/p>\n","protected":false},"author":1,"featured_media":0,"parent":0,"menu_order":0,"comment_status":"closed","ping_status":"closed","template":"elementor_header_footer","meta":{"footnotes":""},"class_list":["post-451","page","type-page","status-publish","hentry"],"_links":{"self":[{"href":"https:\/\/steigleder.com.br\/index.php\/wp-json\/wp\/v2\/pages\/451","targetHints":{"allow":["GET"]}}],"collection":[{"href":"https:\/\/steigleder.com.br\/index.php\/wp-json\/wp\/v2\/pages"}],"about":[{"href":"https:\/\/steigleder.com.br\/index.php\/wp-json\/wp\/v2\/types\/page"}],"author":[{"embeddable":true,"href":"https:\/\/steigleder.com.br\/index.php\/wp-json\/wp\/v2\/users\/1"}],"replies":[{"embeddable":true,"href":"https:\/\/steigleder.com.br\/index.php\/wp-json\/wp\/v2\/comments?post=451"}],"version-history":[{"count":16,"href":"https:\/\/steigleder.com.br\/index.php\/wp-json\/wp\/v2\/pages\/451\/revisions"}],"predecessor-version":[{"id":482,"href":"https:\/\/steigleder.com.br\/index.php\/wp-json\/wp\/v2\/pages\/451\/revisions\/482"}],"wp:attachment":[{"href":"https:\/\/steigleder.com.br\/index.php\/wp-json\/wp\/v2\/media?parent=451"}],"curies":[{"name":"wp","href":"https:\/\/api.w.org\/{rel}","templated":true}]}}