{"id":485,"date":"2025-01-02T18:20:19","date_gmt":"2025-01-02T18:20:19","guid":{"rendered":"https:\/\/steigleder.com.br\/novo\/?page_id=485"},"modified":"2025-01-02T19:05:07","modified_gmt":"2025-01-02T19:05:07","slug":"mixfloral","status":"publish","type":"page","link":"https:\/\/steigleder.com.br\/index.php\/mixfloral\/","title":{"rendered":"Mixfloral"},"content":{"rendered":"\t\t<div data-elementor-type=\"wp-page\" data-elementor-id=\"485\" class=\"elementor elementor-485\" data-elementor-post-type=\"page\">\n\t\t\t\t<div class=\"elementor-element elementor-element-313c779 e-flex e-con-boxed e-con e-parent\" data-id=\"313c779\" data-element_type=\"container\">\n\t\t\t\t\t<div class=\"e-con-inner\">\n\t\t\t\t<div class=\"elementor-element elementor-element-10e1cd2 elementor-widget elementor-widget-heading\" data-id=\"10e1cd2\" data-element_type=\"widget\" data-widget_type=\"heading.default\">\n\t\t\t\t<div class=\"elementor-widget-container\">\n\t\t\t<style>\/*! elementor - v3.21.0 - 22-05-2024 *\/\n.elementor-heading-title{padding:0;margin:0;line-height:1}.elementor-widget-heading .elementor-heading-title[class*=elementor-size-]>a{color:inherit;font-size:inherit;line-height:inherit}.elementor-widget-heading .elementor-heading-title.elementor-size-small{font-size:15px}.elementor-widget-heading .elementor-heading-title.elementor-size-medium{font-size:19px}.elementor-widget-heading .elementor-heading-title.elementor-size-large{font-size:29px}.elementor-widget-heading .elementor-heading-title.elementor-size-xl{font-size:39px}.elementor-widget-heading .elementor-heading-title.elementor-size-xxl{font-size:59px}<\/style><h2 class=\"elementor-heading-title elementor-size-default\">\n<span style=\" font-weight: bold;\">\nMIXFLORAL\n<\/span><br>\n<\/h2>\t\t<\/div>\n\t\t\t\t<\/div>\n\t\t\t\t<div class=\"elementor-element elementor-element-222688e elementor-widget elementor-widget-text-editor\" data-id=\"222688e\" data-element_type=\"widget\" data-widget_type=\"text-editor.default\">\n\t\t\t\t<div class=\"elementor-widget-container\">\n\t\t\t<style>\/*! elementor - v3.21.0 - 22-05-2024 *\/\n.elementor-widget-text-editor.elementor-drop-cap-view-stacked .elementor-drop-cap{background-color:#69727d;color:#fff}.elementor-widget-text-editor.elementor-drop-cap-view-framed .elementor-drop-cap{color:#69727d;border:3px solid;background-color:transparent}.elementor-widget-text-editor:not(.elementor-drop-cap-view-default) .elementor-drop-cap{margin-top:8px}.elementor-widget-text-editor:not(.elementor-drop-cap-view-default) .elementor-drop-cap-letter{width:1em;height:1em}.elementor-widget-text-editor .elementor-drop-cap{float:left;text-align:center;line-height:1;font-size:50px}.elementor-widget-text-editor .elementor-drop-cap-letter{display:inline-block}<\/style>\t\t\t\t<p>O Mixfloral \u00e9 um conjunto de telas montado para facilitar a constru\u00e7\u00e3o de arranjos florais, cestas, buqu\u00eas e ramalhetes. Voc\u00ea pode compor seu kit com mais de 35 cores e com acabamento Metalizado ou Perolado.<br \/>Fa\u00e7a diferente, agregue valor ao seu trabalho, d\u00ea sofistica\u00e7\u00e3o e beleza!<\/p>\t\t\t\t\t\t<\/div>\n\t\t\t\t<\/div>\n\t\t<div class=\"elementor-element elementor-element-c8147d5 e-flex e-con-boxed e-con e-child\" data-id=\"c8147d5\" data-element_type=\"container\">\n\t\t\t\t\t<div class=\"e-con-inner\">\n\t\t<div class=\"elementor-element elementor-element-bc5a587 e-flex e-con-boxed e-con e-child\" data-id=\"bc5a587\" data-element_type=\"container\">\n\t\t\t\t\t<div class=\"e-con-inner\">\n\t\t\t\t<div class=\"elementor-element elementor-element-7bdc312 elementor-widget elementor-widget-image\" data-id=\"7bdc312\" data-element_type=\"widget\" data-widget_type=\"image.default\">\n\t\t\t\t<div class=\"elementor-widget-container\">\n\t\t\t<style>\/*! elementor - v3.21.0 - 22-05-2024 *\/\n.elementor-widget-image{text-align:center}.elementor-widget-image a{display:inline-block}.elementor-widget-image a img[src$=\".svg\"]{width:48px}.elementor-widget-image img{vertical-align:middle;display:inline-block}<\/style>\t\t\t\t\t\t\t\t\t\t<img fetchpriority=\"high\" decoding=\"async\" width=\"800\" height=\"800\" src=\"https:\/\/steigleder.com.br\/wp-content\/uploads\/2025\/01\/1_.jpg\" class=\"attachment-large size-large wp-image-490\" alt=\"\" srcset=\"https:\/\/steigleder.com.br\/wp-content\/uploads\/2025\/01\/1_.jpg 800w, https:\/\/steigleder.com.br\/wp-content\/uploads\/2025\/01\/1_-300x300.jpg 300w, https:\/\/steigleder.com.br\/wp-content\/uploads\/2025\/01\/1_-150x150.jpg 150w, https:\/\/steigleder.com.br\/wp-content\/uploads\/2025\/01\/1_-768x768.jpg 768w\" sizes=\"(max-width: 800px) 100vw, 800px\" \/>\t\t\t\t\t\t\t\t\t\t\t\t\t<\/div>\n\t\t\t\t<\/div>\n\t\t\t\t\t<\/div>\n\t\t\t\t<\/div>\n\t\t<div class=\"elementor-element elementor-element-c28a203 e-flex e-con-boxed e-con e-child\" data-id=\"c28a203\" data-element_type=\"container\">\n\t\t\t\t\t<div class=\"e-con-inner\">\n\t\t\t\t<div class=\"elementor-element elementor-element-c10e72e elementor-widget elementor-widget-image\" data-id=\"c10e72e\" data-element_type=\"widget\" data-widget_type=\"image.default\">\n\t\t\t\t<div class=\"elementor-widget-container\">\n\t\t\t\t\t\t\t\t\t\t\t\t\t<img decoding=\"async\" width=\"800\" height=\"800\" src=\"https:\/\/steigleder.com.br\/wp-content\/uploads\/2025\/01\/2_.jpg\" class=\"attachment-large size-large wp-image-491\" alt=\"\" srcset=\"https:\/\/steigleder.com.br\/wp-content\/uploads\/2025\/01\/2_.jpg 800w, https:\/\/steigleder.com.br\/wp-content\/uploads\/2025\/01\/2_-300x300.jpg 300w, https:\/\/steigleder.com.br\/wp-content\/uploads\/2025\/01\/2_-150x150.jpg 150w, https:\/\/steigleder.com.br\/wp-content\/uploads\/2025\/01\/2_-768x768.jpg 768w\" sizes=\"(max-width: 800px) 100vw, 800px\" \/>\t\t\t\t\t\t\t\t\t\t\t\t\t<\/div>\n\t\t\t\t<\/div>\n\t\t\t\t\t<\/div>\n\t\t\t\t<\/div>\n\t\t<div class=\"elementor-element elementor-element-f1543b3 e-flex e-con-boxed e-con e-child\" data-id=\"f1543b3\" data-element_type=\"container\">\n\t\t\t\t\t<div class=\"e-con-inner\">\n\t\t\t\t<div class=\"elementor-element elementor-element-a10feb3 elementor-widget elementor-widget-image\" data-id=\"a10feb3\" data-element_type=\"widget\" data-widget_type=\"image.default\">\n\t\t\t\t<div class=\"elementor-widget-container\">\n\t\t\t\t\t\t\t\t\t\t\t\t\t<img decoding=\"async\" width=\"800\" height=\"800\" src=\"https:\/\/steigleder.com.br\/wp-content\/uploads\/2025\/01\/3_.jpg\" class=\"attachment-large size-large wp-image-492\" alt=\"\" srcset=\"https:\/\/steigleder.com.br\/wp-content\/uploads\/2025\/01\/3_.jpg 800w, https:\/\/steigleder.com.br\/wp-content\/uploads\/2025\/01\/3_-300x300.jpg 300w, https:\/\/steigleder.com.br\/wp-content\/uploads\/2025\/01\/3_-150x150.jpg 150w, https:\/\/steigleder.com.br\/wp-content\/uploads\/2025\/01\/3_-768x768.jpg 768w\" sizes=\"(max-width: 800px) 100vw, 800px\" \/>\t\t\t\t\t\t\t\t\t\t\t\t\t<\/div>\n\t\t\t\t<\/div>\n\t\t\t\t\t<\/div>\n\t\t\t\t<\/div>\n\t\t<div class=\"elementor-element elementor-element-daa4f5a e-flex e-con-boxed e-con e-child\" data-id=\"daa4f5a\" data-element_type=\"container\">\n\t\t\t\t\t<div class=\"e-con-inner\">\n\t\t\t\t<div class=\"elementor-element elementor-element-4f5edad elementor-widget elementor-widget-image\" data-id=\"4f5edad\" data-element_type=\"widget\" data-widget_type=\"image.default\">\n\t\t\t\t<div class=\"elementor-widget-container\">\n\t\t\t\t\t\t\t\t\t\t\t\t\t<img loading=\"lazy\" decoding=\"async\" width=\"800\" height=\"800\" src=\"https:\/\/steigleder.com.br\/wp-content\/uploads\/2025\/01\/4_.jpg\" class=\"attachment-large size-large wp-image-493\" alt=\"\" srcset=\"https:\/\/steigleder.com.br\/wp-content\/uploads\/2025\/01\/4_.jpg 800w, https:\/\/steigleder.com.br\/wp-content\/uploads\/2025\/01\/4_-300x300.jpg 300w, https:\/\/steigleder.com.br\/wp-content\/uploads\/2025\/01\/4_-150x150.jpg 150w, https:\/\/steigleder.com.br\/wp-content\/uploads\/2025\/01\/4_-768x768.jpg 768w\" sizes=\"(max-width: 800px) 100vw, 800px\" \/>\t\t\t\t\t\t\t\t\t\t\t\t\t<\/div>\n\t\t\t\t<\/div>\n\t\t\t\t\t<\/div>\n\t\t\t\t<\/div>\n\t\t<div class=\"elementor-element elementor-element-aa1337b e-flex e-con-boxed e-con e-child\" data-id=\"aa1337b\" data-element_type=\"container\">\n\t\t\t\t\t<div class=\"e-con-inner\">\n\t\t\t\t<div class=\"elementor-element elementor-element-13ba5f7 elementor-widget elementor-widget-image\" data-id=\"13ba5f7\" data-element_type=\"widget\" data-widget_type=\"image.default\">\n\t\t\t\t<div class=\"elementor-widget-container\">\n\t\t\t\t\t\t\t\t\t\t\t\t\t<img loading=\"lazy\" decoding=\"async\" width=\"800\" height=\"800\" src=\"https:\/\/steigleder.com.br\/wp-content\/uploads\/2025\/01\/5_.jpg\" class=\"attachment-large size-large wp-image-494\" alt=\"\" srcset=\"https:\/\/steigleder.com.br\/wp-content\/uploads\/2025\/01\/5_.jpg 800w, https:\/\/steigleder.com.br\/wp-content\/uploads\/2025\/01\/5_-300x300.jpg 300w, https:\/\/steigleder.com.br\/wp-content\/uploads\/2025\/01\/5_-150x150.jpg 150w, https:\/\/steigleder.com.br\/wp-content\/uploads\/2025\/01\/5_-768x768.jpg 768w\" sizes=\"(max-width: 800px) 100vw, 800px\" \/>\t\t\t\t\t\t\t\t\t\t\t\t\t<\/div>\n\t\t\t\t<\/div>\n\t\t\t\t\t<\/div>\n\t\t\t\t<\/div>\n\t\t\t\t\t<\/div>\n\t\t\t\t<\/div>\n\t\t<div class=\"elementor-element elementor-element-81fa9d7 e-flex e-con-boxed e-con e-child\" data-id=\"81fa9d7\" data-element_type=\"container\">\n\t\t\t\t\t<div class=\"e-con-inner\">\n\t\t<div class=\"elementor-element elementor-element-22a5540 e-flex e-con-boxed e-con e-child\" data-id=\"22a5540\" data-element_type=\"container\">\n\t\t\t\t\t<div class=\"e-con-inner\">\n\t\t\t\t<div class=\"elementor-element elementor-element-7ad94db elementor-widget elementor-widget-image\" data-id=\"7ad94db\" data-element_type=\"widget\" data-widget_type=\"image.default\">\n\t\t\t\t<div class=\"elementor-widget-container\">\n\t\t\t\t\t\t\t\t\t\t\t\t\t<img loading=\"lazy\" decoding=\"async\" width=\"800\" height=\"800\" src=\"https:\/\/steigleder.com.br\/wp-content\/uploads\/2025\/01\/6_.jpg\" class=\"attachment-large size-large wp-image-495\" alt=\"\" srcset=\"https:\/\/steigleder.com.br\/wp-content\/uploads\/2025\/01\/6_.jpg 800w, https:\/\/steigleder.com.br\/wp-content\/uploads\/2025\/01\/6_-300x300.jpg 300w, https:\/\/steigleder.com.br\/wp-content\/uploads\/2025\/01\/6_-150x150.jpg 150w, https:\/\/steigleder.com.br\/wp-content\/uploads\/2025\/01\/6_-768x768.jpg 768w\" sizes=\"(max-width: 800px) 100vw, 800px\" \/>\t\t\t\t\t\t\t\t\t\t\t\t\t<\/div>\n\t\t\t\t<\/div>\n\t\t\t\t\t<\/div>\n\t\t\t\t<\/div>\n\t\t<div class=\"elementor-element elementor-element-44b44c3 e-flex e-con-boxed e-con e-child\" data-id=\"44b44c3\" data-element_type=\"container\">\n\t\t\t\t\t<div class=\"e-con-inner\">\n\t\t\t\t<div class=\"elementor-element elementor-element-6efb10a elementor-widget elementor-widget-image\" data-id=\"6efb10a\" data-element_type=\"widget\" data-widget_type=\"image.default\">\n\t\t\t\t<div class=\"elementor-widget-container\">\n\t\t\t\t\t\t\t\t\t\t\t\t\t<img loading=\"lazy\" decoding=\"async\" width=\"800\" height=\"800\" src=\"https:\/\/steigleder.com.br\/wp-content\/uploads\/2025\/01\/7_.jpg\" class=\"attachment-large size-large wp-image-496\" alt=\"\" srcset=\"https:\/\/steigleder.com.br\/wp-content\/uploads\/2025\/01\/7_.jpg 800w, https:\/\/steigleder.com.br\/wp-content\/uploads\/2025\/01\/7_-300x300.jpg 300w, https:\/\/steigleder.com.br\/wp-content\/uploads\/2025\/01\/7_-150x150.jpg 150w, https:\/\/steigleder.com.br\/wp-content\/uploads\/2025\/01\/7_-768x768.jpg 768w\" sizes=\"(max-width: 800px) 100vw, 800px\" \/>\t\t\t\t\t\t\t\t\t\t\t\t\t<\/div>\n\t\t\t\t<\/div>\n\t\t\t\t\t<\/div>\n\t\t\t\t<\/div>\n\t\t<div class=\"elementor-element elementor-element-b749353 e-flex e-con-boxed e-con e-child\" data-id=\"b749353\" data-element_type=\"container\">\n\t\t\t\t\t<div class=\"e-con-inner\">\n\t\t\t\t<div class=\"elementor-element elementor-element-8e66c6a elementor-widget elementor-widget-image\" data-id=\"8e66c6a\" data-element_type=\"widget\" data-widget_type=\"image.default\">\n\t\t\t\t<div class=\"elementor-widget-container\">\n\t\t\t\t\t\t\t\t\t\t\t\t\t<img loading=\"lazy\" decoding=\"async\" width=\"800\" height=\"800\" src=\"https:\/\/steigleder.com.br\/wp-content\/uploads\/2025\/01\/8_.jpg\" class=\"attachment-large size-large wp-image-497\" alt=\"\" srcset=\"https:\/\/steigleder.com.br\/wp-content\/uploads\/2025\/01\/8_.jpg 800w, https:\/\/steigleder.com.br\/wp-content\/uploads\/2025\/01\/8_-300x300.jpg 300w, https:\/\/steigleder.com.br\/wp-content\/uploads\/2025\/01\/8_-150x150.jpg 150w, https:\/\/steigleder.com.br\/wp-content\/uploads\/2025\/01\/8_-768x768.jpg 768w\" sizes=\"(max-width: 800px) 100vw, 800px\" \/>\t\t\t\t\t\t\t\t\t\t\t\t\t<\/div>\n\t\t\t\t<\/div>\n\t\t\t\t\t<\/div>\n\t\t\t\t<\/div>\n\t\t<div class=\"elementor-element elementor-element-5522ccd e-flex e-con-boxed e-con e-child\" data-id=\"5522ccd\" data-element_type=\"container\">\n\t\t\t\t\t<div class=\"e-con-inner\">\n\t\t\t\t<div class=\"elementor-element elementor-element-f377e25 elementor-widget elementor-widget-image\" data-id=\"f377e25\" data-element_type=\"widget\" data-widget_type=\"image.default\">\n\t\t\t\t<div class=\"elementor-widget-container\">\n\t\t\t\t\t\t\t\t\t\t\t\t\t<img loading=\"lazy\" decoding=\"async\" width=\"800\" height=\"800\" src=\"https:\/\/steigleder.com.br\/wp-content\/uploads\/2025\/01\/9_.jpg\" class=\"attachment-large size-large wp-image-498\" alt=\"\" srcset=\"https:\/\/steigleder.com.br\/wp-content\/uploads\/2025\/01\/9_.jpg 800w, https:\/\/steigleder.com.br\/wp-content\/uploads\/2025\/01\/9_-300x300.jpg 300w, https:\/\/steigleder.com.br\/wp-content\/uploads\/2025\/01\/9_-150x150.jpg 150w, https:\/\/steigleder.com.br\/wp-content\/uploads\/2025\/01\/9_-768x768.jpg 768w\" sizes=\"(max-width: 800px) 100vw, 800px\" \/>\t\t\t\t\t\t\t\t\t\t\t\t\t<\/div>\n\t\t\t\t<\/div>\n\t\t\t\t\t<\/div>\n\t\t\t\t<\/div>\n\t\t<div class=\"elementor-element elementor-element-bb2c003 e-flex e-con-boxed e-con e-child\" data-id=\"bb2c003\" data-element_type=\"container\">\n\t\t\t\t\t<div class=\"e-con-inner\">\n\t\t\t\t<div class=\"elementor-element elementor-element-52b3643 elementor-widget elementor-widget-image\" data-id=\"52b3643\" data-element_type=\"widget\" data-widget_type=\"image.default\">\n\t\t\t\t<div class=\"elementor-widget-container\">\n\t\t\t\t\t\t\t\t\t\t\t\t\t<img loading=\"lazy\" decoding=\"async\" width=\"800\" height=\"800\" src=\"https:\/\/steigleder.com.br\/wp-content\/uploads\/2025\/01\/10_.jpg\" class=\"attachment-large size-large wp-image-499\" alt=\"\" srcset=\"https:\/\/steigleder.com.br\/wp-content\/uploads\/2025\/01\/10_.jpg 800w, https:\/\/steigleder.com.br\/wp-content\/uploads\/2025\/01\/10_-300x300.jpg 300w, https:\/\/steigleder.com.br\/wp-content\/uploads\/2025\/01\/10_-150x150.jpg 150w, https:\/\/steigleder.com.br\/wp-content\/uploads\/2025\/01\/10_-768x768.jpg 768w\" sizes=\"(max-width: 800px) 100vw, 800px\" \/>\t\t\t\t\t\t\t\t\t\t\t\t\t<\/div>\n\t\t\t\t<\/div>\n\t\t\t\t\t<\/div>\n\t\t\t\t<\/div>\n\t\t\t\t\t<\/div>\n\t\t\t\t<\/div>\n\t\t<div class=\"elementor-element elementor-element-1e8ccc5 e-flex e-con-boxed e-con e-child\" data-id=\"1e8ccc5\" data-element_type=\"container\">\n\t\t\t\t\t<div class=\"e-con-inner\">\n\t\t\t\t<div class=\"elementor-element elementor-element-25518f6 elementor-widget elementor-widget-heading\" data-id=\"25518f6\" data-element_type=\"widget\" data-widget_type=\"heading.default\">\n\t\t\t\t<div class=\"elementor-widget-container\">\n\t\t\t<h2 class=\"elementor-heading-title elementor-size-default\">Dispon\u00edvel nas tramas DT02 (linha color, perolados e metalizados) e DT03 (linha perolados e metalizados).\n<br>\nComercializada em folhas de 65cm x 65cm, ideal para uso nas floriculturas<\/h2>\t\t<\/div>\n\t\t\t\t<\/div>\n\t\t\t\t\t<\/div>\n\t\t\t\t<\/div>\n\t\t\t\t\t<\/div>\n\t\t\t\t<\/div>\n\t\t<div class=\"elementor-element elementor-element-d98cc96 e-flex e-con-boxed e-con e-parent\" data-id=\"d98cc96\" data-element_type=\"container\">\n\t\t\t\t\t<div class=\"e-con-inner\">\n\t\t\t\t\t<\/div>\n\t\t\t\t<\/div>\n\t\t\t\t<\/div>\n\t\t","protected":false},"excerpt":{"rendered":"<p>MIXFLORAL O Mixfloral \u00e9 um conjunto de telas montado para facilitar a constru\u00e7\u00e3o de arranjos florais, cestas, buqu\u00eas e ramalhetes. Voc\u00ea pode compor seu kit com mais de 35 cores e com acabamento Metalizado ou Perolado.Fa\u00e7a diferente, agregue valor ao seu trabalho, d\u00ea sofistica\u00e7\u00e3o e beleza! Dispon\u00edvel nas tramas DT02 (linha color, perolados e metalizados) [&hellip;]<\/p>\n","protected":false},"author":1,"featured_media":0,"parent":0,"menu_order":0,"comment_status":"closed","ping_status":"closed","template":"elementor_header_footer","meta":{"footnotes":""},"class_list":["post-485","page","type-page","status-publish","hentry"],"_links":{"self":[{"href":"https:\/\/steigleder.com.br\/index.php\/wp-json\/wp\/v2\/pages\/485","targetHints":{"allow":["GET"]}}],"collection":[{"href":"https:\/\/steigleder.com.br\/index.php\/wp-json\/wp\/v2\/pages"}],"about":[{"href":"https:\/\/steigleder.com.br\/index.php\/wp-json\/wp\/v2\/types\/page"}],"author":[{"embeddable":true,"href":"https:\/\/steigleder.com.br\/index.php\/wp-json\/wp\/v2\/users\/1"}],"replies":[{"embeddable":true,"href":"https:\/\/steigleder.com.br\/index.php\/wp-json\/wp\/v2\/comments?post=485"}],"version-history":[{"count":20,"href":"https:\/\/steigleder.com.br\/index.php\/wp-json\/wp\/v2\/pages\/485\/revisions"}],"predecessor-version":[{"id":516,"href":"https:\/\/steigleder.com.br\/index.php\/wp-json\/wp\/v2\/pages\/485\/revisions\/516"}],"wp:attachment":[{"href":"https:\/\/steigleder.com.br\/index.php\/wp-json\/wp\/v2\/media?parent=485"}],"curies":[{"name":"wp","href":"https:\/\/api.w.org\/{rel}","templated":true}]}}